{"id":459,"date":"2026-01-06T22:55:37","date_gmt":"2026-01-06T21:55:37","guid":{"rendered":"https:\/\/domaine-eugenie.com\/?page_id=459"},"modified":"2026-02-20T09:16:19","modified_gmt":"2026-02-20T08:16:19","slug":"legal-notices","status":"publish","type":"page","link":"https:\/\/domaine-eugenie.com\/en\/legal-notices","title":{"rendered":"Legal notices"},"content":{"rendered":"\n<div class=\"wp-block-group alignwide is-layout-constrained wp-block-group-is-layout-constrained\">\n<p><br>This site is operated by the French Soci\u00e9t\u00e9 Civile Exploitation Agricole (Company for Farm Management) of Domaine d&#8217;Eug\u00e9nie (hereafter Domaine d&#8217;Eug\u00e9nie), whose registered offices are in France. These Terms of Use are subject to French law.<br>Anyone visiting the site via a country other than France must ensure compliance with the laws applicable in this country.<br>Domaine d&#8217;Eug\u00e9nie reserves the right to amend and update these terms and conditions at any time, any such amendment or updating of the terms and conditions of use will take immediate effect.<br>Connection to the www.domaine-eugenie.com website implies acceptance of these Terms and Conditions of Use.<br><br>Publisher\u00a0: J\u00e9r\u00e9my Cukierman<\/p>\n\n\n\n<div class=\"wp-block-columns is-layout-flex wp-container-core-columns-is-layout-9d6595d7 wp-block-columns-is-layout-flex\">\n<div class=\"wp-block-column is-layout-flow wp-block-column-is-layout-flow\">\n<ul class=\"wp-block-list\">\n<li>DATASTORAGE<br>This site is hosted by <a href=\"https:\/\/www.datailor.fr\/\">Datailor<\/a><\/li>\n\n\n\n<li>DESIGN<br>This website was designed and developed by the agency <a href=\"https:\/\/www.vinexia.fr\/\">Vinexia<\/a><\/li>\n\n\n\n<li>Photo credits : I. Giakoumopoulos \/ <a href=\"https:\/\/www.episodedeux.fr\/\">\u00a0Episode deux<\/a><br><br>ACCESS TO THE SITE<br>Domaine d&#8217;Eug\u00e9nie maintains this site for use by persons lawfully permitted to consume or purchase alcoholic beverages, accessing the site from countries where the consumption or purchase of alcoholic beverages is legal. When you access the site, you will be asked to verify that your age is at least the legal age for the consumption of alcoholic beverages in the country where you are located, in order to prevent access to this site by minors and people whose country of residence prohibits the consumption of alcoholic beverages. Please leave this site immediately if you do not agree to the Terms and Conditions of Use, or if your age is not at least the legal age for the consumption of alcoholic beverages in the country in which you are located, or if you are in a country where the use of these sites is not authorized.<\/li>\n\n\n\n<li>INTELLECTUAL PROPERTY RIGHTS \/ COPYRIGHT<br>The site constitutes an intellectual creation of which Domaine d&#8217;Eug\u00e9nie is the author in accordance with articles L. 111.1 and following of the French Intellectual Property Code. All material available on the site, including photographs, texts, slogans, drawings, images, videos with or without sound and all intellectual creations included in the Site are the property of Domaine d&#8217;Eug\u00e9nie or of third parties who have authorized Domaine d&#8217;Eug\u00e9nie to use them. Any reproduction, representation, use, adaptation or modification by any process whatsoever and in any medium or format whatsoever, of all or part of the www.domaine-eugenie.com website without the prior permission of Domaine d&#8217;Eug\u00e9nie is strictly prohibited and constitutes an infringement of copyright.<\/li>\n\n\n\n<li>DISCLAIMER<br>Domaine d&#8217;Eug\u00e9nie shall not be liable for any direct or indirect damages including material loss, data loss, and financial loss that may result from connection to the site or use of the site or information contained therein.<\/li>\n<\/ul>\n<\/div>\n\n\n\n<div class=\"wp-block-column is-layout-flow wp-block-column-is-layout-flow\">\n<ul class=\"wp-block-list\">\n<li>DATA PROTECTION<br>In compliance with the French Data Protection Act No. 78-17 of 6 January, 1978, the user has a right to access, modify and delete any personal data that may be exercised at any time by sending a letter to the company&#8217;s registered offices:<br>Domaine d&#8217;Eug\u00e9nie, 14, rue de la Goillotte, 21700 Vosne-Roman\u00e9e.<br>Domaine d&#8217;Eug\u00e9nie undertakes to preserve the confidentiality of personal data collected from people visiting the website.<br>You can unsubscribe to the Domaine d&#8217;Eug\u00e9nie newsletter at any time by sending an email to the following address contact@domaine-eugenie.com with the word &#8220;Unsubscribe&#8221; in the Subject.<\/li>\n\n\n\n<li>EXTERNAL LINKS<br>This site may contain hypertext links to other sites. We accept no responsibility of any kind for any site that may be accessed via this site and cannot in any way be held responsible for the content, operation or access to these sites.<\/li>\n\n\n\n<li>THE &#8220;FIND OUR WINES&#8221; SECTION<br>We do our utmost to keep the information in this section up to date, but due to the constraints and organization of each supplier, we cannot guarantee that the wine you are looking for will be available.<br>Domaine d&#8217;Eug\u00e9nie cannot be held responsible for the quality of wines offered by suppliers that we list.<br>There may be other suppliers who can meet your requirements, but they either do not offer online sales or we have not yet identified or listed them.<br>Please ensure that listed suppliers can meet the legal and logistical requirements for delivery in your country or city.<\/li>\n\n\n\n<li>COOKIESS<br>CEA Domaine d\u2019Eugenie is likely to use \u201ccookies\u201d installed on the computers of visitors to its Site. In general, a cookie file stores information about how visitors navigate on the site (pages, date and time of consultation, etc.), that SCEA Domaine d\u2019Eugenie can then access during subsequent visits made using the same computer. These cookies do not allow us to identify visitors.<br><br>Furthermore, these cookies are intended to allow SCEA Domaine d\u2019Eugenie to collect information about visits to its Site and to establish statistics relating to use of the Site.<br><br>\u00a0 SCEA Domaine d\u2019Eugenie undertakes only to use information obtained through the use of cookies during the time necessary for the achievement of the above-mentioned purposes.<br><br>\u00a0 Visitors can prevent the installation of cookies by changing their browser settings.<br><br>However, some features of SCEA Domaine d\u2019Eugenie\u2019s Site will not function if the visitor refuses the installation of cookies.<\/li>\n<\/ul>\n<\/div>\n<\/div>\n<\/div>\n","protected":false},"excerpt":{"rendered":"<p>This site is operated by the French Soci\u00e9t\u00e9 Civile Exploitation Agricole (Company for Farm Management) of Domaine d&#8217;Eug\u00e9nie (hereafter Domaine d&#8217;Eug\u00e9nie), whose registered offices are in France. These Terms of Use are subject to French law.Anyone visiting the site via a country other than France must ensure compliance with the laws applicable in this country.Domaine<a href=\"https:\/\/domaine-eugenie.com\/en\/legal-notices\">Continue reading <span class=\"sr-only\">&#8220;Legal notices&#8221;<\/span><\/a><\/p>\n","protected":false},"author":1,"featured_media":0,"parent":0,"menu_order":0,"comment_status":"closed","ping_status":"closed","template":"","meta":{"_seopress_robots_primary_cat":"","_seopress_titles_title":"","_seopress_titles_desc":"","_seopress_robots_index":"","footnotes":""},"class_list":["post-459","page","type-page","status-publish","hentry"],"_links":{"self":[{"href":"https:\/\/domaine-eugenie.com\/en\/wp-json\/wp\/v2\/pages\/459","targetHints":{"allow":["GET"]}}],"collection":[{"href":"https:\/\/domaine-eugenie.com\/en\/wp-json\/wp\/v2\/pages"}],"about":[{"href":"https:\/\/domaine-eugenie.com\/en\/wp-json\/wp\/v2\/types\/page"}],"author":[{"embeddable":true,"href":"https:\/\/domaine-eugenie.com\/en\/wp-json\/wp\/v2\/users\/1"}],"replies":[{"embeddable":true,"href":"https:\/\/domaine-eugenie.com\/en\/wp-json\/wp\/v2\/comments?post=459"}],"version-history":[{"count":2,"href":"https:\/\/domaine-eugenie.com\/en\/wp-json\/wp\/v2\/pages\/459\/revisions"}],"predecessor-version":[{"id":498,"href":"https:\/\/domaine-eugenie.com\/en\/wp-json\/wp\/v2\/pages\/459\/revisions\/498"}],"wp:attachment":[{"href":"https:\/\/domaine-eugenie.com\/en\/wp-json\/wp\/v2\/media?parent=459"}],"curies":[{"name":"wp","href":"https:\/\/api.w.org\/{rel}","templated":true}]}}